{"id":1581,"date":"2020-07-04T01:54:34","date_gmt":"2020-07-03T20:24:34","guid":{"rendered":"http:\/\/magiskmanager.com\/?page_id=1581"},"modified":"2022-05-15T01:37:51","modified_gmt":"2022-05-14T20:07:51","slug":"descargando-magisk-manager","status":"publish","type":"page","link":"https:\/\/magiskmanager.com\/es\/descargando-magisk-manager\/","title":{"rendered":"Descargando Magisk App &#8230;"},"content":{"rendered":"\n<p>Si la descarga no comienza autom\u00e1ticamente en unos segundos,&nbsp;<a href=\"https:\/\/magiskmanager.com\/go\/download\" class=\"rank-math-link\">haga clic aqu\u00ed<\/a>&nbsp;para acceder directamente a la URL de descarga.<\/p>\n\n\n\n<script>\nsetTimeout(function () { window.location = 'https:\/\/magiskmanager.com\/go\/download'; }, 5000)\n<\/script>\n\n\n\n<h3 class=\"wp-block-heading\" id=\"informacion-de-la-version\">Informaci\u00f3n de la versi\u00f3n<\/h3>\n\n\n\n<figure class=\"wp-block-table\"><table><tbody><tr><td>Nombre del Versi\u00f3n<\/td><td>Magisk Manager<\/td><\/tr><tr><td>\u00daltima Actualizac\u00econ<\/td><td>14 Enero 2026<\/td><\/tr><tr><td>Versi\u00f3n de Android necesitado<\/td><td>5.0+<\/td><\/tr><tr><td>Bajos Totales<\/td><td>50,000,000+<\/td><\/tr><tr><td>Tama\u00f1o del app<\/td><td>7.17 MB<\/td><\/tr><tr><td>Desarollador<\/td><td>Topjohnwu<\/td><\/tr><tr><td>Tarea Principal<\/td><td>Escondir los permisos de roots de apl\u00edcaciones bancarios<\/td><\/tr><\/tbody><\/table><\/figure>\n","protected":false},"excerpt":{"rendered":"<p>Si la descarga no comienza autom\u00e1ticamente en unos segundos,&nbsp;haga clic aqu\u00ed&nbsp;para acceder directamente a la URL de descarga. Informaci\u00f3n de la versi\u00f3n Nombre del Versi\u00f3n Magisk Manager \u00daltima Actualizac\u00econ Versi\u00f3n de Android necesitado 5.0+ Bajos<\/p>\n","protected":false},"author":1,"featured_media":0,"parent":0,"menu_order":0,"comment_status":"closed","ping_status":"closed","template":"","meta":{"footnotes":""},"class_list":["post-1581","page","type-page","status-publish"],"_links":{"self":[{"href":"https:\/\/magiskmanager.com\/es\/wp-json\/wp\/v2\/pages\/1581","targetHints":{"allow":["GET"]}}],"collection":[{"href":"https:\/\/magiskmanager.com\/es\/wp-json\/wp\/v2\/pages"}],"about":[{"href":"https:\/\/magiskmanager.com\/es\/wp-json\/wp\/v2\/types\/page"}],"author":[{"embeddable":true,"href":"https:\/\/magiskmanager.com\/es\/wp-json\/wp\/v2\/users\/1"}],"replies":[{"embeddable":true,"href":"https:\/\/magiskmanager.com\/es\/wp-json\/wp\/v2\/comments?post=1581"}],"version-history":[{"count":1,"href":"https:\/\/magiskmanager.com\/es\/wp-json\/wp\/v2\/pages\/1581\/revisions"}],"predecessor-version":[{"id":2104,"href":"https:\/\/magiskmanager.com\/es\/wp-json\/wp\/v2\/pages\/1581\/revisions\/2104"}],"wp:attachment":[{"href":"https:\/\/magiskmanager.com\/es\/wp-json\/wp\/v2\/media?parent=1581"}],"curies":[{"name":"wp","href":"https:\/\/api.w.org\/{rel}","templated":true}]}}