{"id":2444,"date":"2024-09-19T17:25:32","date_gmt":"2024-09-19T11:55:32","guid":{"rendered":"https:\/\/magiskmanager.com\/?page_id=2444"},"modified":"2024-09-19T17:26:19","modified_gmt":"2024-09-19T11:56:19","slug":"baixando-o-magisk-manager","status":"publish","type":"page","link":"https:\/\/magiskmanager.com\/pt-br\/baixando-o-magisk-manager\/","title":{"rendered":"Baixando o Magisk Manager\u2026"},"content":{"rendered":"\n<script>\nsetTimeout(function () { window.location = 'https:\/\/magiskmanager.com\/go\/download'; }, 5000)\n<\/script>\n\n\n\n<p> The download will automatically start in <strong> <span id=\"countdowntimer\">5<\/span> seconds<\/strong>, please <a href=\"https:\/\/magiskmanager.com\/go\/download\"><strong>click here<\/strong><\/a> to access the download URL directly.<\/p>\n\n<script type=\"text\/javascript\">\n    var timeleft = 5;\n    var downloadTimer = setInterval(function(){\n    timeleft--;\n    document.getElementById(\"countdowntimer\").textContent = timeleft;\n    if(timeleft <= 0)\n        clearInterval(downloadTimer);\n    },1000);\n<\/script>\n\n\n\n<div class='code-block code-block-2' style='margin: 8px auto; text-align: center; display: block; clear: both;'>\n<script async src=\"https:\/\/pagead2.googlesyndication.com\/pagead\/js\/adsbygoogle.js\"><\/script>\n<!-- MM :: B2 :: \/ :: S :: After 3rd Paragraph -->\n<ins class=\"adsbygoogle\"\n     style=\"display:block\"\n     data-ad-client=\"ca-pub-7675914157518462\"\n     data-ad-slot=\"5680130181\"\n     data-ad-format=\"auto\"\n     data-full-width-responsive=\"true\"><\/ins>\n<script>\n     (adsbygoogle = window.adsbygoogle || []).push({});\n<\/script><\/div>\n\n\n\n\n<p>Se voc\u00ea est\u00e1 confuso e quer saber como <a href=\"https:\/\/magiskmanager.com\/pt-br\/\">instalar o Magisk Manager<\/a> no seu telefone, voc\u00ea pode<a href=\"https:\/\/magiskmanager.com\/pt-br\/\"> clicar aqui<\/a>. Se voc\u00ea tiver algum problema, sinta-se \u00e0 vontade para comentar em nossa p\u00e1gina inicial.<\/p>\n\n\n\n<figure class=\"wp-block-table\"><table><tbody><tr><td>Nome do Software<\/td><td>Magisk App<\/td><\/tr><tr><td>\u00daltima atualiza\u00e7\u00e3o<\/td><td>January 04, 2026<\/td><\/tr><tr><td>Vers\u00e3o do Android Requer<\/td><td>5.0+<\/td><\/tr><tr><td>Total de Downloads<\/td><td>50,000,000+<\/td><\/tr><tr><td>Tamanho do App<\/td><td>7.17 MB<\/td><\/tr><tr><td>Desenvolvedor<\/td><td>Topjohnwu<\/td><\/tr><tr><td>Tarefa Principal<\/td><td>Magisk oculta ra\u00edzes de aplicativos banc\u00e1rios.<\/td><\/tr><\/tbody><\/table><\/figure>\n","protected":false},"excerpt":{"rendered":"<p>The download will automatically start in 5 seconds, please click here to access the download URL directly. Se voc\u00ea est\u00e1 confuso e quer saber como instalar o Magisk Manager no seu telefone, voc\u00ea pode clicar<\/p>\n","protected":false},"author":1,"featured_media":0,"parent":0,"menu_order":0,"comment_status":"closed","ping_status":"closed","template":"","meta":{"footnotes":""},"class_list":["post-2444","page","type-page","status-publish"],"_links":{"self":[{"href":"https:\/\/magiskmanager.com\/pt-br\/wp-json\/wp\/v2\/pages\/2444","targetHints":{"allow":["GET"]}}],"collection":[{"href":"https:\/\/magiskmanager.com\/pt-br\/wp-json\/wp\/v2\/pages"}],"about":[{"href":"https:\/\/magiskmanager.com\/pt-br\/wp-json\/wp\/v2\/types\/page"}],"author":[{"embeddable":true,"href":"https:\/\/magiskmanager.com\/pt-br\/wp-json\/wp\/v2\/users\/1"}],"replies":[{"embeddable":true,"href":"https:\/\/magiskmanager.com\/pt-br\/wp-json\/wp\/v2\/comments?post=2444"}],"version-history":[{"count":2,"href":"https:\/\/magiskmanager.com\/pt-br\/wp-json\/wp\/v2\/pages\/2444\/revisions"}],"predecessor-version":[{"id":2448,"href":"https:\/\/magiskmanager.com\/pt-br\/wp-json\/wp\/v2\/pages\/2444\/revisions\/2448"}],"wp:attachment":[{"href":"https:\/\/magiskmanager.com\/pt-br\/wp-json\/wp\/v2\/media?parent=2444"}],"curies":[{"name":"wp","href":"https:\/\/api.w.org\/{rel}","templated":true}]}}